{"id":103,"date":"2018-01-21T22:00:53","date_gmt":"2018-01-21T22:00:53","guid":{"rendered":"http:\/\/konkurs-polem.sarp.warszawa.pl\/?page_id=103"},"modified":"2020-12-17T19:09:35","modified_gmt":"2020-12-17T18:09:35","slug":"aktualnosci","status":"publish","type":"page","link":"https:\/\/konkurs-przedszkole-michalowice.sarp.warszawa.pl\/","title":{"rendered":"Aktualno\u015bci"},"content":{"rendered":"<div>\n<div>\n<div>\n<div>\n<div class=\"kvgmc6g5 cxmmr5t8 oygrvhab hcukyx3x c1et5uql ii04i59q\">\n<div dir=\"auto\">\n<div><b><u>17.12.2020r.<\/u><\/b><\/div>\n<div>Opublikowano informacj\u0119 o wynikach rozstrzygni\u0119cia konkursu realizacyjnego na opracowanie koncepcji energoefektywnego przedszkola wraz z zagospodarowaniem terenu w Micha\u0142owicach.<br \/>Gratulujemy autorom nagrodzonych i wyr\u00f3\u017cnionych prac.<br \/>Dzi\u0119kujemy wszystkim Uczestnikom za z\u0142o\u017cenie prac konkursowych.<\/div>\n<div>Zapraszamy do zapoznania si\u0119 z pracami Nagrodzonymi i wyr\u00f3\u017cnionymi w zak\u0142adce &#8222;Wyniki konkursu&#8221;\u00a0<br \/><a href=\"https:\/\/konkurs-przedszkole-michalowice.sarp.warszawa.pl\/wp-content\/uploads\/2020\/12\/Informacja_o_wynikach_rozstrzygniecia_Konkurs_Przedszkole_Michalowice.pdf\" target=\"_blank\" rel=\"noopener noreferrer\">Informacja_o_wynikach_rozstrzygniecia_Konkurs_Przedszkole_Michalowice.pdf<\/a><\/div>\n<div>\u00a0<\/div>\n<\/div>\n<div dir=\"auto\"><b><u>17.12.2020<\/u><\/b><br \/>Zapraszamy na transmisj\u0119 z oficjalnego og\u0142oszenia wynik\u00f3w konkursu realizacyjnego na opracowanie koncepcji energoefektywnego przedszkola wraz z zagospodarowaniem terenu w Micha\u0142owicach, 17.12.2020r. (czwartek) o godzinie 14.00. na oficjalnym kanale YouTube Gminy Micha\u0142owice.<\/div>\n<\/div>\n<div class=\"o9v6fnle cxmmr5t8 oygrvhab hcukyx3x c1et5uql ii04i59q\">\n<div dir=\"auto\">Link do wydarzenia:<\/div>\n<div dir=\"auto\"><a class=\"oajrlxb2 g5ia77u1 qu0x051f esr5mh6w e9989ue4 r7d6kgcz rq0escxv nhd2j8a9 nc684nl6 p7hjln8o kvgmc6g5 cxmmr5t8 oygrvhab hcukyx3x jb3vyjys rz4wbd8a qt6c0cv9 a8nywdso i1ao9s8h esuyzwwr f1sip0of lzcic4wl py34i1dx gpro0wi8\" tabindex=\"0\" role=\"link\" href=\"https:\/\/youtu.be\/76uezObwuzM?fbclid=IwAR15J5xHVbIyn3YbUvp499klFGu8zS0f5hWqxylYkT8t2IoENwRvXA9bCRI\" target=\"_blank\" rel=\"nofollow noopener noreferrer\">https:\/\/youtu.be\/76uezObwuzM<\/a><\/div>\n<div dir=\"auto\">\u00a0<\/div>\n<\/div>\n<\/div>\n<div><b><u>26.11.2020<\/u><\/b><\/div>\n<div>Opublikowano\u00a0korekt\u0119 Wyja\u015bnienia (4) tre\u015bci Regulaminu konkursu z dnia 20.11.2020r w zakresie Pytania 4.<br \/><a href=\"https:\/\/konkurs-przedszkole-michalowice.sarp.warszawa.pl\/wp-content\/uploads\/2020\/11\/Korekta_Wyjasnienia_4_Konkurs-przedszkole_Michalowice.pdf\" target=\"_blank\" rel=\"noopener noreferrer\">Korekta_Wyjasnienia_4_Konkurs-przedszkole_Michalowice.pdf<\/a><\/div>\n<div>\u00a0<\/div>\n<\/div>\n<div><b style=\"font-size: 1em;\"><u>20.11.2020r.<\/u><\/b><\/div>\n<div>\n<div>\u00a0<\/div>\n<\/div>\n<div>Opublikowano Wyja\u015bnienie (4) tre\u015bci Regulaminu konkursu dotycz\u0105ce pyta\u0144 i w\u0105tpliwo\u015bci Uczestnik\u00f3w konkursu zwi\u0105zanych ze zmian\u0105 tre\u015bci Regulaminu konkursu z dnia 13.11.2020r.<br \/><a style=\"font-size: 1em;\" href=\"https:\/\/konkurs-przedszkole-michalowice.sarp.warszawa.pl\/wp-content\/uploads\/2020\/11\/Wyjasnienie_4_Konkurs-przedszkole_Michalowice.pdf\" target=\"_blank\" rel=\"noopener noreferrer\">Wyjasnienie_4_Konkurs-przedszkole_Michalowice.pdf<\/a><\/div>\n<\/div>\n<\/div>\n\n\n<p><strong><u>13.11.2020r.<\/u><\/strong><br>Organizator informuje, i\u017c ze wzgl\u0119du na trwaj\u0105c\u0105 sytuacj\u0119 epidemiologiczn\u0105 oraz zwi\u0105zanymi z tym ograniczeniami podj\u0119to decyzj\u0119 o zmianach w sposobie i formie sk\u0142adania prac konkursowych.<\/p>\n\n\n\n<p>I. Prace Konkursowe w wersji elektronicznej w zakresie<br>&#8211; Cz\u0119\u015b\u0107 graficzna<br>&#8211; Cz\u0119\u015b\u0107 opisowa<br>&#8211; Zdj\u0119cia makiety<br>musz\u0105 by\u0107 przes\u0142ane za po\u015brednictwem poczty elektronicznej na adres:&nbsp;<a href=\"mailto:konkurs-przedszkole-michalowice@sarp.warszawa.pl\" target=\"_blank\" rel=\"noreferrer noopener\">konkurs-przedszkole-michalowice@sarp.warszawa.pl<\/a>&nbsp;do dnia 02.12.2020r. do godziny 15.00<\/p>\n\n\n\n<p>II. Prace Konkursowe w wersji papierowej w zakresie<br>&#8211; Cz\u0119\u015b\u0107 opisowa<br>&#8211; O\u015bwiadczenie Uczestnika konkursu &nbsp;samodzielnie bior\u0105cego udzia\u0142 w konkursie\/Uczestnik\u00f3w konkursu wsp\u00f3lnie bior\u0105cych udzia\u0142 w konkursie dotycz\u0105ce zobowi\u0105zania do z\u0142o\u017cenia pe\u0142nej wersji papierowej pracy konkursowej w terminie okre\u015blonym przez Organizatora (stanowi\u0105ce nowy Za\u0142\u0105cznik nr 1d do Regulaminu)<br>musz\u0105 by\u0107 z\u0142o\u017cone w formie pisemnej w nieprzekraczalnym terminie w dniu 02.12.2020r., do godziny 15.00, za pokwitowaniem z\u0142o\u017cenia pracy konkursowej (Za\u0142\u0105cznik nr 4 do Regulaminu) na adres:<br>Oddzia\u0142 Warszawski<br>Stowarzyszenia Architekt\u00f3w Polskich<br>ul. Foksal 2<br>00-366 Warszawa<br>(godziny pracy od 10.00 do 16.00)<\/p>\n\n\n\n<p>III. Prace Konkursowe w wersji papierowej w zakresie<br>&#8211; Cz\u0119\u015b\u0107 graficzna<br>&#8211; Makieta<br>musz\u0105 by\u0107 z\u0142o\u017cone w terminie p\u00f3\u017aniejszym na wezwanie Organizatora. Poni\u017cej zamieszczamy nast\u0119puj\u0105ce dokumenty do pobrania: 1. Pismo ze szczeg\u00f3\u0142ow\u0105 informuj\u0105 o zmianie sposobu i formy sk\u0142adania prac konkursowych<br>2. O\u015bwiadczenie Uczestnika konkursu samodzielnie bior\u0105cego udzia\u0142 w konkursie\/Uczestnik\u00f3w konkursu wsp\u00f3lnie bior\u0105cych udzia\u0142 w konkursie dotycz\u0105ce zobowi\u0105zania do z\u0142o\u017cenia pe\u0142nej wersji papierowej pracy konkursowej w terminie okre\u015blonym przez Organizatora.<br>3. Regulamin konkursu (Zmiana tre\u015bci 13.11.2020r.) w kt\u00f3rym czerwon\u0105 czcionk\u0105 oznaczono wszystkie wprowadzone zmiany tre\u015bci.<br><a rel=\"noreferrer noopener\" href=\"https:\/\/konkurs-przedszkole-michalowice.sarp.warszawa.pl\/wp-content\/uploads\/2020\/11\/Informacja_o_zmianie_sposobu_skladania_prac_Konkurs_przedszkole_Michalowice.pdf\" target=\"_blank\">Informacja_o_zmianie_sposobu_sk\u0142adania_prac_Konkurs_przedszkole_Micha\u0142owice<\/a><br><a rel=\"noreferrer noopener\" href=\"https:\/\/konkurs-przedszkole-michalowice.sarp.warszawa.pl\/wp-content\/uploads\/2020\/11\/Zal_1d_do_Regulaminu_Oswiadczenie_Uczestnika_skladanie_prac.docx\" target=\"_blank\">Za\u0142_1d_do_Regulaminu_O\u015bwiadczenie_Uczestnika_sk\u0142adanie_prac<\/a><br><a rel=\"noreferrer noopener\" href=\"https:\/\/konkurs-przedszkole-michalowice.sarp.warszawa.pl\/wp-content\/uploads\/2020\/11\/REGULAMIN_KONKURSU_Michalowice_Zmiana_tresci_nr_1_z_dnia_13_11_2020.pdf\" target=\"_blank\">REGULAMIN_KONKURSU_Micha\u0142owice_Zmiana_tre\u015bci_nr_1_z_dnia_13_11_2020<\/a><\/p>\n\n\n\n<p><strong><u>9.11.2020<\/u><\/strong> Opublikowano odpowiedzi na pytania &#8211; Wyja\u015bnienie 3 tre\u015bci Regulaminu konkursu. <a rel=\"noreferrer noopener\" href=\"https:\/\/konkurs-przedszkole-michalowice.sarp.warszawa.pl\/wp-content\/uploads\/2020\/11\/Wyja\u015bnienie_3_Konkurs-przedszkole_Micha\u0142owice.pdf\" target=\"_blank\">Wyja\u015bnienie_3_Konkurs-przedszkole_Micha\u0142owice.pdf<\/a><\/p>\n\n\n\n<p><strong><u>3.11.2020<\/u><\/strong> Opublikowano odpowiedzi na pytania &#8211; Wyja\u015bnienie 2 tre\u015bci Regulaminu konkursu. <a rel=\"noreferrer noopener\" href=\"https:\/\/konkurs-przedszkole-michalowice.sarp.warszawa.pl\/wp-content\/uploads\/2020\/11\/Wyja\u015bnienie_2_Konkurs-przedszkole_Micha\u0142owice.pdf\" target=\"_blank\">Wyja\u015bnienie_2_Konkurs-przedszkole_Micha\u0142owice.pdf<\/a><\/p>\n\n\n\n<p><strong><u>25.09.2020<br><\/u><\/strong>Opublikowano informacj\u0119 o wynikach dopuszczenia do udzia\u0142u w konkursie.<br><a href=\"https:\/\/konkurs-przedszkole-michalowice.sarp.warszawa.pl\/wp-content\/uploads\/2020\/09\/Informacja-o-wynikach-dopuszczenia-do-udzia\u0142u-w-konkursie-przedszkole-Micha\u0142owice.pdf\" target=\"_blank\" rel=\"noreferrer noopener\">Informacja-o-wynikach-dopuszczenia-do-udzia\u0142u-w-konkursie-przedszkole-Micha\u0142owice.pdf<\/a><\/p>\n\n\n\n<p><strong><u>31.08.2020<br><\/u><\/strong>Opublikowano odpowiedzi na pytania (Wyja\u015bnienie 1 tre\u015bci Regulaminu konkursu).<br><a href=\"https:\/\/konkurs-przedszkole-michalowice.sarp.warszawa.pl\/wp-content\/uploads\/2020\/08\/Wyja\u015bnienie_1_Konkurs-przedszkole_Micha\u0142owice.pdf\" target=\"_blank\" rel=\"noreferrer noopener\">Wyja\u015bnienie_1_Konkurs-przedszkole_Micha\u0142owice.pdf<\/a><\/p>\n\n\n\n<p><strong><u>11.08.2020<br><\/u><\/strong>Og\u0142oszenie o konkursie zosta\u0142o zamieszczone w Biuletynie Zam\u00f3wie\u0144 Publicznych.<br><a href=\"https:\/\/konkurs-przedszkole-michalowice.sarp.warszawa.pl\/wp-content\/uploads\/2020\/08\/Og\u0142oszenie-Konkurs-Przedszkole-Biuletyn-Zam\u00f3wie\u0144-Publicznych.pdf\" target=\"_blank\" rel=\"noreferrer noopener\">Og\u0142oszenie-Konkurs-Przedszkole-Biuletyn-Zam\u00f3wie\u0144-Publicznych.pdf<\/a><\/p>\n","protected":false},"excerpt":{"rendered":"<p>17.12.2020r. Opublikowano informacj\u0119 o wynikach rozstrzygni\u0119cia konkursu realizacyjnego na opracowanie koncepcji energoefektywnego przedszkola wraz z zagospodarowaniem terenu w Micha\u0142owicach.Gratulujemy autorom nagrodzonych i wyr\u00f3\u017cnionych prac.Dzi\u0119kujemy wszystkim Uczestnikom za z\u0142o\u017cenie prac konkursowych. Zapraszamy do zapoznania si\u0119 z pracami Nagrodzonymi i wyr\u00f3\u017cnionymi w<span class=\"ellipsis\">&hellip;<\/span><\/p>\n<div class=\"read-more\"><a href=\"https:\/\/konkurs-przedszkole-michalowice.sarp.warszawa.pl\/\">Czytaj wi\u0119cej <span class=\"screen-reader-text\">Aktualno\u015bci<\/span><span class=\"meta-nav\"> &#8250;<\/span><\/a><\/div>\n<p><!-- end of .read-more --><\/p>\n","protected":false},"author":1,"featured_media":0,"parent":0,"menu_order":0,"comment_status":"closed","ping_status":"closed","template":"","meta":[],"_links":{"self":[{"href":"https:\/\/konkurs-przedszkole-michalowice.sarp.warszawa.pl\/index.php\/wp-json\/wp\/v2\/pages\/103"}],"collection":[{"href":"https:\/\/konkurs-przedszkole-michalowice.sarp.warszawa.pl\/index.php\/wp-json\/wp\/v2\/pages"}],"about":[{"href":"https:\/\/konkurs-przedszkole-michalowice.sarp.warszawa.pl\/index.php\/wp-json\/wp\/v2\/types\/page"}],"author":[{"embeddable":true,"href":"https:\/\/konkurs-przedszkole-michalowice.sarp.warszawa.pl\/index.php\/wp-json\/wp\/v2\/users\/1"}],"replies":[{"embeddable":true,"href":"https:\/\/konkurs-przedszkole-michalowice.sarp.warszawa.pl\/index.php\/wp-json\/wp\/v2\/comments?post=103"}],"version-history":[{"count":28,"href":"https:\/\/konkurs-przedszkole-michalowice.sarp.warszawa.pl\/index.php\/wp-json\/wp\/v2\/pages\/103\/revisions"}],"predecessor-version":[{"id":669,"href":"https:\/\/konkurs-przedszkole-michalowice.sarp.warszawa.pl\/index.php\/wp-json\/wp\/v2\/pages\/103\/revisions\/669"}],"wp:attachment":[{"href":"https:\/\/konkurs-przedszkole-michalowice.sarp.warszawa.pl\/index.php\/wp-json\/wp\/v2\/media?parent=103"}],"curies":[{"name":"wp","href":"https:\/\/api.w.org\/{rel}","templated":true}]}}