{"id":87,"date":"2018-01-21T22:00:58","date_gmt":"2018-01-21T22:00:58","guid":{"rendered":"http:\/\/konkurs-polem.sarp.warszawa.pl\/?page_id=87"},"modified":"2020-08-10T10:39:19","modified_gmt":"2020-08-10T08:39:19","slug":"nagrody","status":"publish","type":"page","link":"https:\/\/konkurs-przedszkole-michalowice.sarp.warszawa.pl\/index.php\/nagrody\/","title":{"rendered":"Nagrody"},"content":{"rendered":"<p>W konkursie Organizator przewiduje przyznanie Nagr\u00f3d jak nast\u0119puje:<\/p>\n<ol>\n<li>Nagrody pieni\u0119\u017cne<\/li>\n<\/ol>\n<p><strong><u>I NAGRODA<br \/>\n<\/u><\/strong><strong>&#8211; kwota pieni\u0119\u017cna w wysoko\u015bci 30\u00a0000,00 z\u0142 brutto<\/strong><\/p>\n<p><strong><u>II NAGRODA<br \/>\n<\/u><\/strong><strong>&#8211; kwota pieni\u0119\u017cna w wysoko\u015bci 20\u00a0000,00 z\u0142 brutto<\/strong><\/p>\n<p><strong><u>III NAGRODA<br \/>\n<\/u><\/strong><strong>&#8211; kwota pieni\u0119\u017cna w wysoko\u015bci 10\u00a0000,00 z\u0142 brutto<\/strong><\/p>\n<p><span style=\"font-size: 1em;\">2. Nagrody w postaci:<\/span><\/p>\n<p>a) Zaproszenia do negocjacji w trybie zam\u00f3wienia z wolnej r\u0119ki na opracowanie pe\u0142nej dokumentacji projektowej wraz z pe\u0142nieniem nadzoru autorskiego wg. pracy konkursowej dla Uczestnika Konkursu, kt\u00f3rego praca konkursowa otrzyma\u0142y najwi\u0119ksz\u0105 liczb\u0119 punkt\u00f3w w ostatecznym g\u0142osowaniu.<\/p>\n<p>lub<\/p>\n<p>b) Zaproszenia do negocjacji w trybie negocjacji bez og\u0142oszenia na opracowanie pe\u0142nej dokumentacji projektowej wraz z nadzorem autorskim wg. pracy konkursowej dw\u00f3ch Uczestnik\u00f3w konkursu, kt\u00f3rych prace konkursowe otrzyma\u0142y najwi\u0119ksz\u0105 liczb\u0119 punkt\u00f3w w ostatecznym g\u0142osowaniu.<\/p>\n<p>O przyznaniu powy\u017cszych Nagr\u00f3d decyduje S\u0105d konkursowy bior\u0105c pod uwag\u0119 poziom prac konkursowych w kontek\u015bcie spe\u0142nienia przez nie wymog\u00f3w Regulaminu konkursu i kryteri\u00f3w oceny prac konkursowych a w szczeg\u00f3lno\u015bci prezentowanych przez te prace walor\u00f3w architektonicznych i funkcjonalnych.<\/p>\n","protected":false},"excerpt":{"rendered":"<p>W konkursie Organizator przewiduje przyznanie Nagr\u00f3d jak nast\u0119puje: Nagrody pieni\u0119\u017cne I NAGRODA &#8211; kwota pieni\u0119\u017cna w wysoko\u015bci 30\u00a0000,00 z\u0142 brutto II NAGRODA &#8211; kwota pieni\u0119\u017cna w wysoko\u015bci 20\u00a0000,00 z\u0142 brutto III NAGRODA &#8211; kwota pieni\u0119\u017cna w wysoko\u015bci 10\u00a0000,00 z\u0142 brutto<span class=\"ellipsis\">&hellip;<\/span><\/p>\n<div class=\"read-more\"><a href=\"https:\/\/konkurs-przedszkole-michalowice.sarp.warszawa.pl\/index.php\/nagrody\/\">Czytaj wi\u0119cej <span class=\"screen-reader-text\">Nagrody<\/span><span class=\"meta-nav\"> &#8250;<\/span><\/a><\/div>\n<p><!-- end of .read-more --><\/p>\n","protected":false},"author":1,"featured_media":0,"parent":0,"menu_order":0,"comment_status":"closed","ping_status":"closed","template":"","meta":[],"_links":{"self":[{"href":"https:\/\/konkurs-przedszkole-michalowice.sarp.warszawa.pl\/index.php\/wp-json\/wp\/v2\/pages\/87"}],"collection":[{"href":"https:\/\/konkurs-przedszkole-michalowice.sarp.warszawa.pl\/index.php\/wp-json\/wp\/v2\/pages"}],"about":[{"href":"https:\/\/konkurs-przedszkole-michalowice.sarp.warszawa.pl\/index.php\/wp-json\/wp\/v2\/types\/page"}],"author":[{"embeddable":true,"href":"https:\/\/konkurs-przedszkole-michalowice.sarp.warszawa.pl\/index.php\/wp-json\/wp\/v2\/users\/1"}],"replies":[{"embeddable":true,"href":"https:\/\/konkurs-przedszkole-michalowice.sarp.warszawa.pl\/index.php\/wp-json\/wp\/v2\/comments?post=87"}],"version-history":[{"count":1,"href":"https:\/\/konkurs-przedszkole-michalowice.sarp.warszawa.pl\/index.php\/wp-json\/wp\/v2\/pages\/87\/revisions"}],"predecessor-version":[{"id":426,"href":"https:\/\/konkurs-przedszkole-michalowice.sarp.warszawa.pl\/index.php\/wp-json\/wp\/v2\/pages\/87\/revisions\/426"}],"wp:attachment":[{"href":"https:\/\/konkurs-przedszkole-michalowice.sarp.warszawa.pl\/index.php\/wp-json\/wp\/v2\/media?parent=87"}],"curies":[{"name":"wp","href":"https:\/\/api.w.org\/{rel}","templated":true}]}}